{"id":16,"date":"2019-08-25T17:19:38","date_gmt":"2019-08-25T17:19:38","guid":{"rendered":"https:\/\/markuslilla.de\/?page_id=16"},"modified":"2025-09-22T17:13:11","modified_gmt":"2025-09-22T17:13:11","slug":"about-me","status":"publish","type":"page","link":"https:\/\/markuslilla.de\/?page_id=16","title":{"rendered":"About me"},"content":{"rendered":"\n<blockquote class=\"wp-block-quote is-layout-flow wp-block-quote-is-layout-flow\">\n<p>&#8222;Hallo. Ich m\u00f6chte mich dir kurz vorstellen. Mein Name ist Markus Lilla. Ich arbeite seit \u00fcber 20 Jahren als Mittelschullehrer in Bayern. K\u00fcnstler bin ich allerdings schon seit meinen fr\u00fchen Kindertagen. Diese beiden T\u00e4tigkeiten zu verbinden ist manchmal eine gro\u00dfe Herausforderung, aber auch meine Leidenschaft.&#8220;<\/p>\n<cite>Markus Lilla, September 2025<\/cite><\/blockquote>\n\n\n\n<figure class=\"wp-block-image size-large\"><img loading=\"lazy\" decoding=\"async\" width=\"1024\" height=\"1024\" src=\"https:\/\/markuslilla.de\/wp-content\/uploads\/2023\/01\/Artist-at-work-1024x1024.jpg\" alt=\"\" class=\"wp-image-2971\" srcset=\"https:\/\/markuslilla.de\/wp-content\/uploads\/2023\/01\/Artist-at-work-1024x1024.jpg 1024w, https:\/\/markuslilla.de\/wp-content\/uploads\/2023\/01\/Artist-at-work-300x300.jpg 300w, https:\/\/markuslilla.de\/wp-content\/uploads\/2023\/01\/Artist-at-work-150x150.jpg 150w, https:\/\/markuslilla.de\/wp-content\/uploads\/2023\/01\/Artist-at-work-768x768.jpg 768w, https:\/\/markuslilla.de\/wp-content\/uploads\/2023\/01\/Artist-at-work-1536x1536.jpg 1536w, https:\/\/markuslilla.de\/wp-content\/uploads\/2023\/01\/Artist-at-work-2048x2048.jpg 2048w, https:\/\/markuslilla.de\/wp-content\/uploads\/2023\/01\/Artist-at-work-640x640.jpg 640w, https:\/\/markuslilla.de\/wp-content\/uploads\/2023\/01\/Artist-at-work-70x70.jpg 70w, https:\/\/markuslilla.de\/wp-content\/uploads\/2023\/01\/Artist-at-work-50x50.jpg 50w\" sizes=\"auto, (max-width: 1024px) 100vw, 1024px\" \/><\/figure>\n\n\n\n<blockquote class=\"wp-block-quote is-layout-flow wp-block-quote-is-layout-flow\">\n<p>&#8222;Hey there, my name is Markus Lilla. I&#8217;ve been a teacher for over 20 years now and an artist and painter for all of my life. Combining both of these tasks can sometimes be very challenging, but that&#8217;s my passion.&#8220;<\/p>\n<cite>Markus Lilla, September 2025<\/cite><\/blockquote>\n\n\n\n<figure class=\"wp-block-image size-large\"><img loading=\"lazy\" decoding=\"async\" width=\"1024\" height=\"576\" src=\"https:\/\/markuslilla.de\/wp-content\/uploads\/2023\/01\/20180906_103036-1024x576.jpg\" alt=\"\" class=\"wp-image-2973\" srcset=\"https:\/\/markuslilla.de\/wp-content\/uploads\/2023\/01\/20180906_103036-1024x576.jpg 1024w, https:\/\/markuslilla.de\/wp-content\/uploads\/2023\/01\/20180906_103036-300x169.jpg 300w, https:\/\/markuslilla.de\/wp-content\/uploads\/2023\/01\/20180906_103036-768x432.jpg 768w, https:\/\/markuslilla.de\/wp-content\/uploads\/2023\/01\/20180906_103036-1536x864.jpg 1536w, https:\/\/markuslilla.de\/wp-content\/uploads\/2023\/01\/20180906_103036-2048x1152.jpg 2048w\" sizes=\"auto, (max-width: 1024px) 100vw, 1024px\" \/><\/figure>\n","protected":false},"excerpt":{"rendered":"<p>&#8222;Hallo. Ich m\u00f6chte mich dir kurz vorstellen. Mein Name ist Markus Lilla. Ich arbeite seit \u00fcber 20 Jahren als Mittelschullehrer in Bayern. K\u00fcnstler bin ich allerdings schon seit meinen fr\u00fchen<\/p>\n<p class=\"more-link\"><a href=\"https:\/\/markuslilla.de\/?page_id=16\" class=\"readmore\">Read More<svg class=\"icon icon-angle-right\" aria-hidden=\"true\" role=\"img\"> <use href=\"#icon-angle-right\" xlink:href=\"#icon-angle-right\"><\/use> <\/svg><span class=\"screen-reader-text\">About me<\/span><\/a><\/p>\n","protected":false},"author":2,"featured_media":74,"parent":0,"menu_order":3,"comment_status":"closed","ping_status":"closed","template":"","meta":{"footnotes":""},"class_list":["post-16","page","type-page","status-publish","has-post-thumbnail","hentry"],"_links":{"self":[{"href":"https:\/\/markuslilla.de\/index.php?rest_route=\/wp\/v2\/pages\/16","targetHints":{"allow":["GET"]}}],"collection":[{"href":"https:\/\/markuslilla.de\/index.php?rest_route=\/wp\/v2\/pages"}],"about":[{"href":"https:\/\/markuslilla.de\/index.php?rest_route=\/wp\/v2\/types\/page"}],"author":[{"embeddable":true,"href":"https:\/\/markuslilla.de\/index.php?rest_route=\/wp\/v2\/users\/2"}],"replies":[{"embeddable":true,"href":"https:\/\/markuslilla.de\/index.php?rest_route=%2Fwp%2Fv2%2Fcomments&post=16"}],"version-history":[{"count":6,"href":"https:\/\/markuslilla.de\/index.php?rest_route=\/wp\/v2\/pages\/16\/revisions"}],"predecessor-version":[{"id":3877,"href":"https:\/\/markuslilla.de\/index.php?rest_route=\/wp\/v2\/pages\/16\/revisions\/3877"}],"wp:featuredmedia":[{"embeddable":true,"href":"https:\/\/markuslilla.de\/index.php?rest_route=\/wp\/v2\/media\/74"}],"wp:attachment":[{"href":"https:\/\/markuslilla.de\/index.php?rest_route=%2Fwp%2Fv2%2Fmedia&parent=16"}],"curies":[{"name":"wp","href":"https:\/\/api.w.org\/{rel}","templated":true}]}}