{"id":82,"date":"2020-03-18T03:54:10","date_gmt":"2020-03-18T03:54:10","guid":{"rendered":"https:\/\/markuslilla.de\/?page_id=82"},"modified":"2025-09-22T16:01:09","modified_gmt":"2025-09-22T16:01:09","slug":"fachberatung-englisch","status":"publish","type":"page","link":"https:\/\/markuslilla.de\/?page_id=82","title":{"rendered":"Fachberatung Englisch"},"content":{"rendered":"\n<div class=\"wp-block-media-text alignwide has-media-on-the-right is-stacked-on-mobile\" style=\"grid-template-columns:auto 35%\"><div class=\"wp-block-media-text__content\">\n<h2 class=\"wp-block-heading has-text-align-center has-large-font-size\">Angebotsportfolio<\/h2>\n\n\n\n<p class=\"has-text-align-center\">Schuljahr 2025\/26<\/p>\n<\/div><figure class=\"wp-block-media-text__media\"><img loading=\"lazy\" decoding=\"async\" width=\"238\" height=\"174\" src=\"https:\/\/markuslilla.de\/wp-content\/uploads\/2020\/03\/grafik.png\" alt=\"\" class=\"wp-image-100 size-full\"\/><\/figure><\/div>\n\n\n\n<div class=\"wp-block-group\"><div class=\"wp-block-group__inner-container is-layout-flow wp-block-group-is-layout-flow\">\n<p><strong>1. Fortbildungen:<\/strong><\/p>\n<\/div><\/div>\n\n\n\n<p>Wiederholung der Fortbildungsreihe zu <strong>\u201eDigitale Tools im Englischunterricht\u201c<\/strong> jede Veranstaltung ist auch einzeln belegbar!<\/p>\n\n\n\n<ul class=\"wp-block-list\">\n<li><strong>1. Teil: Analog vs. Digital \u201c<\/strong> am <strong>13.10.2025<\/strong> von 14:00 bis 16:30 in (MS H\u00f6henkirchen) Anmeldung \u00fcber FIBS: <strong>S184-0\/25\/419677<\/strong><\/li>\n\n\n\n<li><strong>2. Teil: \u201eDigitale Heftf\u00fchrung \u201c<\/strong> am <strong>11.11.2025<\/strong> von 14:00 bis 16:30 in (MS H\u00f6henkirchen) Anmeldung \u00fcber FIBS: <strong>S184-0\/25\/419678<\/strong><\/li>\n\n\n\n<li><strong>3. Teil: \u201eFlipped Classroom\u201c<\/strong> am <strong>14.01.2026<\/strong> von 14:00 bis 16:30 in (MS H\u00f6henkirchen) Anmeldung \u00fcber FIBS: <strong>S184-0\/26\/419679<\/strong><\/li>\n\n\n\n<li><strong>4. Teil: \u201eAI: Artificial Intelligence\u201c<\/strong> am <strong>10.02.2026<\/strong> von 14:00 bis 16:30 in (MS H\u00f6henkirchen) Anmeldung \u00fcber FIBS: <strong>S184-0\/26\/419680<\/strong><\/li>\n\n\n\n<li><strong>Sprachtraining<\/strong> GS\/MS mit Native Speaker (ein Nachmittag), Termin 2026 steht noch nicht fest!<\/li>\n<\/ul>\n\n\n\n<p><strong>2. <a href=\"https:\/\/markuslilla.de\/?page_id=2573\">Methodik-Kurs<\/a> &amp; Sprachpraxis-Baustein<\/strong><\/p>\n\n\n\n<ul class=\"wp-block-list\">\n<li><strong>\u201eSprachtraining\u201c<\/strong> im Verbund <strong>MLand\/MB\/T\u00d6L\/GAR<\/strong> (40 UE, 5 Tage) vom <strong>13. \u2013 17.10.2025<\/strong> (MS H\u00f6henkirchen) &#8212; FIBS: <strong>A021-40.1\/25\/420019 KM<\/strong><\/li>\n\n\n\n<li><strong>\u201eMethodik-Kurs\u201c<\/strong> im Verbund <strong>MLand\/MB\/T\u00d6L\/GAR <\/strong>vom <strong>26. \u2013 30.01.2026<\/strong> (MS H\u00f6henkirchen) &#8212; Anmeldung \u00fcber FIBS: <strong>A021-40.1\/26\/420020 KM<\/strong><\/li>\n\n\n\n<li>weitere Angebote bei entsprechender Nachfrage!<\/li>\n<\/ul>\n\n\n\n<p><strong>3. Schulhausinterne Lehrerfortbildung (SchiLf)<\/strong><\/p>\n\n\n\n<ul class=\"wp-block-list\">\n<li>auf Anfrage zu den Themen: Flipped Classroom, Vokabellernen, Storytelling, New Media, YouTube, Games, Grammar, Kompetenzorientierung im Englisch Unterricht, etc.<\/li>\n<\/ul>\n\n\n\n<p><strong>4. <a href=\"https:\/\/markuslilla.de\/?page_id=2687\">Arbeitskreis Englisch<\/a> (1.Treffen Oktober 2025)<\/strong><\/p>\n\n\n\n<ul class=\"wp-block-list\">\n<li>Austausch mit Lehrkr\u00e4ften im Landkreis<\/li>\n\n\n\n<li>Themengebiete: Digitales Arbeiten \/ \u00dcbungsmaterial f\u00fcr die Abschlusspr\u00fcfungen sichten!<\/li>\n\n\n\n<li>Anmeldung \u00fcber FIBS, Terminabstimmung \u00fcber die WhatsApp-Gruppe<\/li>\n<\/ul>\n\n\n\n<p><strong>5. Mitarbeit in der Lehrerausbildung<\/strong><\/p>\n\n\n\n<ul class=\"wp-block-list\">\n<li>Unterrichtsmitschau\nf\u00fcr Seminare (Kompetenzbereich nach Absprache mit anschlie\u00dfender Besprechung)<\/li>\n\n\n\n<li>Gestaltung eines Seminartages<\/li>\n<\/ul>\n\n\n\n<p><strong>6. Beratung f\u00fcr Lehrkr\u00e4fte<\/strong><\/p>\n\n\n\n<ul class=\"wp-block-list\">\n<li>Telefonisch oder pers\u00f6nlich (auf Anfrage)<\/li>\n<\/ul>\n\n\n\n<p><strong>Kontaktdaten:<\/strong><\/p>\n\n\n\n<figure class=\"wp-block-pullquote is-style-default\"><blockquote><p>Markus Lilla<br>Erich K\u00e4stner &#8211; Mittelschule <br>Brunnthaler Str. 8<br>85635 H\u00f6henkirchen-Siegertsbrunn<br>Tel: 08102\/8961-80 (dienstlich)<br>m.lilla@gsms-hoesie.de<\/p><\/blockquote><\/figure>\n","protected":false},"excerpt":{"rendered":"<p>Angebotsportfolio Schuljahr 2025\/26 1. Fortbildungen: Wiederholung der Fortbildungsreihe zu \u201eDigitale Tools im Englischunterricht\u201c jede Veranstaltung ist auch einzeln belegbar! 2. Methodik-Kurs &amp; Sprachpraxis-Baustein 3. Schulhausinterne Lehrerfortbildung (SchiLf) 4. Arbeitskreis Englisch<\/p>\n<p class=\"more-link\"><a href=\"https:\/\/markuslilla.de\/?page_id=82\" class=\"readmore\">Read More<svg class=\"icon icon-angle-right\" aria-hidden=\"true\" role=\"img\"> <use href=\"#icon-angle-right\" xlink:href=\"#icon-angle-right\"><\/use> <\/svg><span class=\"screen-reader-text\">Fachberatung Englisch<\/span><\/a><\/p>\n","protected":false},"author":2,"featured_media":2987,"parent":0,"menu_order":2,"comment_status":"closed","ping_status":"closed","template":"","meta":{"footnotes":""},"class_list":["post-82","page","type-page","status-publish","has-post-thumbnail","hentry"],"_links":{"self":[{"href":"https:\/\/markuslilla.de\/index.php?rest_route=\/wp\/v2\/pages\/82","targetHints":{"allow":["GET"]}}],"collection":[{"href":"https:\/\/markuslilla.de\/index.php?rest_route=\/wp\/v2\/pages"}],"about":[{"href":"https:\/\/markuslilla.de\/index.php?rest_route=\/wp\/v2\/types\/page"}],"author":[{"embeddable":true,"href":"https:\/\/markuslilla.de\/index.php?rest_route=\/wp\/v2\/users\/2"}],"replies":[{"embeddable":true,"href":"https:\/\/markuslilla.de\/index.php?rest_route=%2Fwp%2Fv2%2Fcomments&post=82"}],"version-history":[{"count":39,"href":"https:\/\/markuslilla.de\/index.php?rest_route=\/wp\/v2\/pages\/82\/revisions"}],"predecessor-version":[{"id":3855,"href":"https:\/\/markuslilla.de\/index.php?rest_route=\/wp\/v2\/pages\/82\/revisions\/3855"}],"wp:featuredmedia":[{"embeddable":true,"href":"https:\/\/markuslilla.de\/index.php?rest_route=\/wp\/v2\/media\/2987"}],"wp:attachment":[{"href":"https:\/\/markuslilla.de\/index.php?rest_route=%2Fwp%2Fv2%2Fmedia&parent=82"}],"curies":[{"name":"wp","href":"https:\/\/api.w.org\/{rel}","templated":true}]}}